{"id":942,"date":"2024-10-08T16:45:22","date_gmt":"2024-10-08T21:45:22","guid":{"rendered":"https:\/\/investigacion.diseno.ibero.mx\/?page_id=942"},"modified":"2024-10-31T14:23:33","modified_gmt":"2024-10-31T20:23:33","slug":"horizontes-cosmicos","status":"publish","type":"page","link":"https:\/\/investigacion.diseno.ibero.mx\/?page_id=942","title":{"rendered":"Horizontes C\u00f3smicos"},"content":{"rendered":"\t\t<div data-elementor-type=\"wp-page\" data-elementor-id=\"942\" class=\"elementor elementor-942\">\n\t\t\t\t<div class=\"elementor-element elementor-element-76dbbd57 e-flex e-con-boxed e-con e-parent\" data-id=\"76dbbd57\" data-element_type=\"container\" data-e-type=\"container\" data-settings=\"{&quot;background_background&quot;:&quot;classic&quot;}\">\n\t\t\t\t\t<div class=\"e-con-inner\">\n\t\t<div class=\"elementor-element elementor-element-251ba038 e-con-full e-flex e-con e-child\" data-id=\"251ba038\" data-element_type=\"container\" data-e-type=\"container\">\n\t\t\t\t<div class=\"elementor-element elementor-element-12fed1b8 elementor-widget elementor-widget-heading\" data-id=\"12fed1b8\" data-element_type=\"widget\" data-e-type=\"widget\" data-widget_type=\"heading.default\">\n\t\t\t\t<div class=\"elementor-widget-container\">\n\t\t\t\t\t<h1 class=\"elementor-heading-title elementor-size-default\">HORIZONTES C\u00d3SMICOS<\/h1>\t\t\t\t<\/div>\n\t\t\t\t<\/div>\n\t\t\t\t<div class=\"elementor-element elementor-element-6aee23b elementor-widget elementor-widget-heading\" data-id=\"6aee23b\" data-element_type=\"widget\" data-e-type=\"widget\" data-widget_type=\"heading.default\">\n\t\t\t\t<div class=\"elementor-widget-container\">\n\t\t\t\t\t<h3 class=\"elementor-heading-title elementor-size-default\">Encuentros latinoamericanos con el espacio exterior<\/h3>\t\t\t\t<\/div>\n\t\t\t\t<\/div>\n\t\t\t\t<\/div>\n\t\t\t\t\t<\/div>\n\t\t\t\t<\/div>\n\t\t\t\t<section class=\"elementor-section elementor-top-section elementor-element elementor-element-41b8c7b9 elementor-section-boxed elementor-section-height-default elementor-section-height-default\" data-id=\"41b8c7b9\" data-element_type=\"section\" data-e-type=\"section\">\n\t\t\t\t\t\t<div class=\"elementor-container elementor-column-gap-default\">\n\t\t\t\t\t<div class=\"elementor-column elementor-col-100 elementor-top-column elementor-element elementor-element-1e402c27\" data-id=\"1e402c27\" data-element_type=\"column\" data-e-type=\"column\">\n\t\t\t<div class=\"elementor-widget-wrap elementor-element-populated\">\n\t\t\t\t\t\t<div class=\"elementor-element elementor-element-381f0550 elementor-widget elementor-widget-heading\" data-id=\"381f0550\" data-element_type=\"widget\" data-e-type=\"widget\" id=\"sesion0\" data-widget_type=\"heading.default\">\n\t\t\t\t<div class=\"elementor-widget-container\">\n\t\t\t\t\t<h2 class=\"elementor-heading-title elementor-size-default\">CONGRESO INTERNACIONAL<\/h2>\t\t\t\t<\/div>\n\t\t\t\t<\/div>\n\t\t\t\t<div class=\"elementor-element elementor-element-574e48e elementor-widget elementor-widget-heading\" data-id=\"574e48e\" data-element_type=\"widget\" data-e-type=\"widget\" data-widget_type=\"heading.default\">\n\t\t\t\t<div class=\"elementor-widget-container\">\n\t\t\t\t\t<h4 class=\"elementor-heading-title elementor-size-default\"><b>27, 28 y 29 de noviembre 2024 <\/b><br>Universidad Iberoamericana Ciudad de M\u00e9xico:\nAuditorio Ignacio Ellacur\u00eda, edificio S, s\u00f3tano.<\/h4>\t\t\t\t<\/div>\n\t\t\t\t<\/div>\n\t\t\t\t<div class=\"elementor-element elementor-element-56ef53d2 elementor-widget-divider--view-line elementor-widget elementor-widget-divider\" data-id=\"56ef53d2\" data-element_type=\"widget\" data-e-type=\"widget\" data-widget_type=\"divider.default\">\n\t\t\t\t<div class=\"elementor-widget-container\">\n\t\t\t\t\t\t\t<div class=\"elementor-divider\">\n\t\t\t<span class=\"elementor-divider-separator\">\n\t\t\t\t\t\t<\/span>\n\t\t<\/div>\n\t\t\t\t\t\t<\/div>\n\t\t\t\t<\/div>\n\t\t\t\t<section class=\"elementor-section elementor-inner-section elementor-element elementor-element-1ec4da84 elementor-section-boxed elementor-section-height-default elementor-section-height-default\" data-id=\"1ec4da84\" data-element_type=\"section\" data-e-type=\"section\">\n\t\t\t\t\t\t<div class=\"elementor-container elementor-column-gap-default\">\n\t\t\t\t\t<div class=\"elementor-column elementor-col-50 elementor-inner-column elementor-element elementor-element-33f506b9\" data-id=\"33f506b9\" data-element_type=\"column\" data-e-type=\"column\">\n\t\t\t<div class=\"elementor-widget-wrap elementor-element-populated\">\n\t\t\t\t\t\t<div class=\"elementor-element elementor-element-ffe9a49 elementor-widget elementor-widget-text-editor\" data-id=\"ffe9a49\" data-element_type=\"widget\" data-e-type=\"widget\" data-widget_type=\"text-editor.default\">\n\t\t\t\t<div class=\"elementor-widget-container\">\n\t\t\t\t\t\t\t\t\t<p>Primer encuentro para enriquecer y desafiar las narrativas tradicionales del espacio exterior, reimaginando las conexiones entre la Tierra y el cosmos desde perspectivas latinoamericanas y un enfoque interdisciplinar.<\/p>\t\t\t\t\t\t\t\t<\/div>\n\t\t\t\t<\/div>\n\t\t\t\t<div class=\"elementor-element elementor-element-708569a7 elementor-widget elementor-widget-text-editor\" data-id=\"708569a7\" data-element_type=\"widget\" data-e-type=\"widget\" data-widget_type=\"text-editor.default\">\n\t\t\t\t<div class=\"elementor-widget-container\">\n\t\t\t\t\t\t\t\t\t<p><img decoding=\"async\" class=\"wp-image-992 aligncenter\" src=\"https:\/\/investigacion.diseno.ibero.mx\/wp-content\/uploads\/2024\/10\/Captura-de-pantalla-2024-10-08-a-las-2.59.41\u202fp.m-300x142.png\" alt=\"\" width=\"218\" height=\"103\" srcset=\"https:\/\/investigacion.diseno.ibero.mx\/wp-content\/uploads\/2024\/10\/Captura-de-pantalla-2024-10-08-a-las-2.59.41\u202fp.m-300x142.png 300w, https:\/\/investigacion.diseno.ibero.mx\/wp-content\/uploads\/2024\/10\/Captura-de-pantalla-2024-10-08-a-las-2.59.41\u202fp.m.png 620w\" sizes=\"(max-width: 218px) 100vw, 218px\" \/><img decoding=\"async\" class=\"wp-image-993 aligncenter\" src=\"https:\/\/investigacion.diseno.ibero.mx\/wp-content\/uploads\/2024\/10\/Captura-de-pantalla-2024-10-08-a-las-2.59.48\u202fp.m-300x139.png\" alt=\"\" width=\"214\" height=\"99\" srcset=\"https:\/\/investigacion.diseno.ibero.mx\/wp-content\/uploads\/2024\/10\/Captura-de-pantalla-2024-10-08-a-las-2.59.48\u202fp.m-300x139.png 300w, https:\/\/investigacion.diseno.ibero.mx\/wp-content\/uploads\/2024\/10\/Captura-de-pantalla-2024-10-08-a-las-2.59.48\u202fp.m-768x356.png 768w, https:\/\/investigacion.diseno.ibero.mx\/wp-content\/uploads\/2024\/10\/Captura-de-pantalla-2024-10-08-a-las-2.59.48\u202fp.m.png 948w\" sizes=\"(max-width: 214px) 100vw, 214px\" \/><\/p>\t\t\t\t\t\t\t\t<\/div>\n\t\t\t\t<\/div>\n\t\t\t\t\t<\/div>\n\t\t<\/div>\n\t\t\t\t<div class=\"elementor-column elementor-col-50 elementor-inner-column elementor-element elementor-element-7c40a748\" data-id=\"7c40a748\" data-element_type=\"column\" data-e-type=\"column\">\n\t\t\t<div class=\"elementor-widget-wrap elementor-element-populated\">\n\t\t\t\t\t\t<div class=\"elementor-element elementor-element-6e8c6807 elementor-widget elementor-widget-text-editor\" data-id=\"6e8c6807\" data-element_type=\"widget\" data-e-type=\"widget\" data-widget_type=\"text-editor.default\">\n\t\t\t\t<div class=\"elementor-widget-container\">\n\t\t\t\t\t\t\t\t\t<p><img fetchpriority=\"high\" decoding=\"async\" class=\"aligncenter wp-image-956 size-full\" src=\"https:\/\/investigacion.diseno.ibero.mx\/wp-content\/uploads\/2024\/10\/HZ1-e1728421078143.jpeg\" alt=\"\" width=\"792\" height=\"547\" srcset=\"https:\/\/investigacion.diseno.ibero.mx\/wp-content\/uploads\/2024\/10\/HZ1-e1728421078143.jpeg 792w, https:\/\/investigacion.diseno.ibero.mx\/wp-content\/uploads\/2024\/10\/HZ1-e1728421078143-300x207.jpeg 300w, https:\/\/investigacion.diseno.ibero.mx\/wp-content\/uploads\/2024\/10\/HZ1-e1728421078143-768x530.jpeg 768w\" sizes=\"(max-width: 792px) 100vw, 792px\" \/><\/p>\t\t\t\t\t\t\t\t<\/div>\n\t\t\t\t<\/div>\n\t\t\t\t<div class=\"elementor-element elementor-element-aa24f61 elementor-button-danger elementor-align-center elementor-widget elementor-widget-button\" data-id=\"aa24f61\" data-element_type=\"widget\" data-e-type=\"widget\" data-widget_type=\"button.default\">\n\t\t\t\t<div class=\"elementor-widget-container\">\n\t\t\t\t\t\t\t\t\t<div class=\"elementor-button-wrapper\">\n\t\t\t\t\t<a class=\"elementor-button elementor-button-link elementor-size-sm\" href=\"https:\/\/docs.google.com\/forms\/d\/e\/1FAIpQLScqB3I8NG5bzEwhkNcnPgfqf8umZAhVAxFMVouIcGTOebRAXg\/viewform\">\n\t\t\t\t\t\t<span class=\"elementor-button-content-wrapper\">\n\t\t\t\t\t\t<span class=\"elementor-button-icon\">\n\t\t\t\t<svg aria-hidden=\"true\" class=\"e-font-icon-svg e-far-paper-plane\" viewBox=\"0 0 512 512\" xmlns=\"http:\/\/www.w3.org\/2000\/svg\"><path d=\"M440 6.5L24 246.4c-34.4 19.9-31.1 70.8 5.7 85.9L144 379.6V464c0 46.4 59.2 65.5 86.6 28.6l43.8-59.1 111.9 46.2c5.9 2.4 12.1 3.6 18.3 3.6 8.2 0 16.3-2.1 23.6-6.2 12.8-7.2 21.6-20 23.9-34.5l59.4-387.2c6.1-40.1-36.9-68.8-71.5-48.9zM192 464v-64.6l36.6 15.1L192 464zm212.6-28.7l-153.8-63.5L391 169.5c10.7-15.5-9.5-33.5-23.7-21.2L155.8 332.6 48 288 464 48l-59.4 387.3z\"><\/path><\/svg>\t\t\t<\/span>\n\t\t\t\t\t\t\t\t\t<span class=\"elementor-button-text\">REGISTRO<\/span>\n\t\t\t\t\t<\/span>\n\t\t\t\t\t<\/a>\n\t\t\t\t<\/div>\n\t\t\t\t\t\t\t\t<\/div>\n\t\t\t\t<\/div>\n\t\t\t\t\t<\/div>\n\t\t<\/div>\n\t\t\t\t\t<\/div>\n\t\t<\/section>\n\t\t\t\t\t<\/div>\n\t\t<\/div>\n\t\t\t\t\t<\/div>\n\t\t<\/section>\n\t\t\t\t<section class=\"elementor-section elementor-top-section elementor-element elementor-element-36ce6321 elementor-section-boxed elementor-section-height-default elementor-section-height-default\" data-id=\"36ce6321\" data-element_type=\"section\" data-e-type=\"section\">\n\t\t\t\t\t\t<div class=\"elementor-container elementor-column-gap-default\">\n\t\t\t\t\t<div class=\"elementor-column elementor-col-100 elementor-top-column elementor-element elementor-element-848922d\" data-id=\"848922d\" data-element_type=\"column\" data-e-type=\"column\">\n\t\t\t<div class=\"elementor-widget-wrap elementor-element-populated\">\n\t\t\t\t\t\t<div class=\"elementor-element elementor-element-24ae597e elementor-widget elementor-widget-heading\" data-id=\"24ae597e\" data-element_type=\"widget\" data-e-type=\"widget\" id=\"sesion1\" data-widget_type=\"heading.default\">\n\t\t\t\t<div class=\"elementor-widget-container\">\n\t\t\t\t\t<h2 class=\"elementor-heading-title elementor-size-default\">PROGRAMA<\/h2>\t\t\t\t<\/div>\n\t\t\t\t<\/div>\n\t\t\t\t<div class=\"elementor-element elementor-element-26e4ba39 elementor-widget-divider--view-line elementor-widget elementor-widget-divider\" data-id=\"26e4ba39\" data-element_type=\"widget\" data-e-type=\"widget\" data-widget_type=\"divider.default\">\n\t\t\t\t<div class=\"elementor-widget-container\">\n\t\t\t\t\t\t\t<div class=\"elementor-divider\">\n\t\t\t<span class=\"elementor-divider-separator\">\n\t\t\t\t\t\t<\/span>\n\t\t<\/div>\n\t\t\t\t\t\t<\/div>\n\t\t\t\t<\/div>\n\t\t\t\t<div class=\"elementor-element elementor-element-b786b4f elementor-widget elementor-widget-heading\" data-id=\"b786b4f\" data-element_type=\"widget\" data-e-type=\"widget\" data-widget_type=\"heading.default\">\n\t\t\t\t<div class=\"elementor-widget-container\">\n\t\t\t\t\t<h3 class=\"elementor-heading-title elementor-size-default\">27 DE NOVIEMBRE: Auditorio Ignacio Ellacur\u00eda, edificio S, s\u00f3tano.<\/h3>\t\t\t\t<\/div>\n\t\t\t\t<\/div>\n\t\t\t\t<div class=\"elementor-element elementor-element-21444ae7 elementor-widget elementor-widget-text-editor\" data-id=\"21444ae7\" data-element_type=\"widget\" data-e-type=\"widget\" data-widget_type=\"text-editor.default\">\n\t\t\t\t<div class=\"elementor-widget-container\">\n\t\t\t\t\t\t\t\t\t<p><img loading=\"lazy\" decoding=\"async\" class=\"alignnone wp-image-1063 size-large\" src=\"https:\/\/investigacion.diseno.ibero.mx\/wp-content\/uploads\/2024\/10\/Captura-de-pantalla-2024-10-31-a-las-2.21.02\u202fp.m-785x1024.png\" alt=\"\" width=\"785\" height=\"1024\" srcset=\"https:\/\/investigacion.diseno.ibero.mx\/wp-content\/uploads\/2024\/10\/Captura-de-pantalla-2024-10-31-a-las-2.21.02\u202fp.m-785x1024.png 785w, https:\/\/investigacion.diseno.ibero.mx\/wp-content\/uploads\/2024\/10\/Captura-de-pantalla-2024-10-31-a-las-2.21.02\u202fp.m-230x300.png 230w, https:\/\/investigacion.diseno.ibero.mx\/wp-content\/uploads\/2024\/10\/Captura-de-pantalla-2024-10-31-a-las-2.21.02\u202fp.m-768x1002.png 768w, https:\/\/investigacion.diseno.ibero.mx\/wp-content\/uploads\/2024\/10\/Captura-de-pantalla-2024-10-31-a-las-2.21.02\u202fp.m.png 1050w\" sizes=\"(max-width: 785px) 100vw, 785px\" \/><\/p>\t\t\t\t\t\t\t\t<\/div>\n\t\t\t\t<\/div>\n\t\t\t\t\t<\/div>\n\t\t<\/div>\n\t\t\t\t\t<\/div>\n\t\t<\/section>\n\t\t\t\t<section class=\"elementor-section elementor-top-section elementor-element elementor-element-727e109 elementor-section-boxed elementor-section-height-default elementor-section-height-default\" data-id=\"727e109\" data-element_type=\"section\" data-e-type=\"section\">\n\t\t\t\t\t\t<div class=\"elementor-container elementor-column-gap-default\">\n\t\t\t\t\t<div class=\"elementor-column elementor-col-100 elementor-top-column elementor-element elementor-element-2d9feb3\" data-id=\"2d9feb3\" data-element_type=\"column\" data-e-type=\"column\">\n\t\t\t<div class=\"elementor-widget-wrap elementor-element-populated\">\n\t\t\t\t\t\t<div class=\"elementor-element elementor-element-d5a8011 elementor-widget elementor-widget-heading\" data-id=\"d5a8011\" data-element_type=\"widget\" data-e-type=\"widget\" data-widget_type=\"heading.default\">\n\t\t\t\t<div class=\"elementor-widget-container\">\n\t\t\t\t\t<h2 class=\"elementor-heading-title elementor-size-default\">PROGRAMA<\/h2>\t\t\t\t<\/div>\n\t\t\t\t<\/div>\n\t\t\t\t<div class=\"elementor-element elementor-element-e58fd03 elementor-widget-divider--view-line elementor-widget elementor-widget-divider\" data-id=\"e58fd03\" data-element_type=\"widget\" data-e-type=\"widget\" data-widget_type=\"divider.default\">\n\t\t\t\t<div class=\"elementor-widget-container\">\n\t\t\t\t\t\t\t<div class=\"elementor-divider\">\n\t\t\t<span class=\"elementor-divider-separator\">\n\t\t\t\t\t\t<\/span>\n\t\t<\/div>\n\t\t\t\t\t\t<\/div>\n\t\t\t\t<\/div>\n\t\t\t\t<div class=\"elementor-element elementor-element-a300a12 elementor-widget elementor-widget-heading\" data-id=\"a300a12\" data-element_type=\"widget\" data-e-type=\"widget\" data-widget_type=\"heading.default\">\n\t\t\t\t<div class=\"elementor-widget-container\">\n\t\t\t\t\t<h3 class=\"elementor-heading-title elementor-size-default\">28 DE NOVIEMBRE <span style=\"color: var(--ast-global-color-2);font-size: 1.73333rem;font-style: normal;font-weight: inherit;text-align: left;, sans-serif;float: none\">Auditorio Ignacio Ellacur\u00eda, edificio S, s\u00f3tano.<\/span><span style=\"color: var(--ast-global-color-2);font-size: 1.73333rem;font-style: inherit;font-weight: inherit;text-align: left;, sans-serif;float: none\"><\/span><br><\/h3>\t\t\t\t<\/div>\n\t\t\t\t<\/div>\n\t\t\t\t<div class=\"elementor-element elementor-element-29ebf4d elementor-widget elementor-widget-text-editor\" data-id=\"29ebf4d\" data-element_type=\"widget\" data-e-type=\"widget\" data-widget_type=\"text-editor.default\">\n\t\t\t\t<div class=\"elementor-widget-container\">\n\t\t\t\t\t\t\t\t\t<p><img loading=\"lazy\" decoding=\"async\" class=\"alignnone wp-image-1064 size-large\" src=\"https:\/\/investigacion.diseno.ibero.mx\/wp-content\/uploads\/2024\/10\/Captura-de-pantalla-2024-10-31-a-las-2.21.15\u202fp.m-756x1024.png\" alt=\"\" width=\"756\" height=\"1024\" srcset=\"https:\/\/investigacion.diseno.ibero.mx\/wp-content\/uploads\/2024\/10\/Captura-de-pantalla-2024-10-31-a-las-2.21.15\u202fp.m-756x1024.png 756w, https:\/\/investigacion.diseno.ibero.mx\/wp-content\/uploads\/2024\/10\/Captura-de-pantalla-2024-10-31-a-las-2.21.15\u202fp.m-221x300.png 221w, https:\/\/investigacion.diseno.ibero.mx\/wp-content\/uploads\/2024\/10\/Captura-de-pantalla-2024-10-31-a-las-2.21.15\u202fp.m-768x1041.png 768w, https:\/\/investigacion.diseno.ibero.mx\/wp-content\/uploads\/2024\/10\/Captura-de-pantalla-2024-10-31-a-las-2.21.15\u202fp.m.png 1098w\" sizes=\"(max-width: 756px) 100vw, 756px\" \/><\/p>\t\t\t\t\t\t\t\t<\/div>\n\t\t\t\t<\/div>\n\t\t\t\t\t<\/div>\n\t\t<\/div>\n\t\t\t\t\t<\/div>\n\t\t<\/section>\n\t\t\t\t<section class=\"elementor-section elementor-top-section elementor-element elementor-element-5fbc860 elementor-section-boxed elementor-section-height-default elementor-section-height-default\" data-id=\"5fbc860\" data-element_type=\"section\" data-e-type=\"section\">\n\t\t\t\t\t\t<div class=\"elementor-container elementor-column-gap-default\">\n\t\t\t\t\t<div class=\"elementor-column elementor-col-100 elementor-top-column elementor-element elementor-element-e7b7cd6\" data-id=\"e7b7cd6\" data-element_type=\"column\" data-e-type=\"column\">\n\t\t\t<div class=\"elementor-widget-wrap elementor-element-populated\">\n\t\t\t\t\t\t<div class=\"elementor-element elementor-element-cbbcf0e elementor-widget elementor-widget-heading\" data-id=\"cbbcf0e\" data-element_type=\"widget\" data-e-type=\"widget\" data-widget_type=\"heading.default\">\n\t\t\t\t<div class=\"elementor-widget-container\">\n\t\t\t\t\t<h2 class=\"elementor-heading-title elementor-size-default\">PROGRAMA<\/h2>\t\t\t\t<\/div>\n\t\t\t\t<\/div>\n\t\t\t\t<div class=\"elementor-element elementor-element-179c427 elementor-widget-divider--view-line elementor-widget elementor-widget-divider\" data-id=\"179c427\" data-element_type=\"widget\" data-e-type=\"widget\" data-widget_type=\"divider.default\">\n\t\t\t\t<div class=\"elementor-widget-container\">\n\t\t\t\t\t\t\t<div class=\"elementor-divider\">\n\t\t\t<span class=\"elementor-divider-separator\">\n\t\t\t\t\t\t<\/span>\n\t\t<\/div>\n\t\t\t\t\t\t<\/div>\n\t\t\t\t<\/div>\n\t\t\t\t<div class=\"elementor-element elementor-element-3956fbc elementor-widget elementor-widget-heading\" data-id=\"3956fbc\" data-element_type=\"widget\" data-e-type=\"widget\" data-widget_type=\"heading.default\">\n\t\t\t\t<div class=\"elementor-widget-container\">\n\t\t\t\t\t<h3 class=\"elementor-heading-title elementor-size-default\">29 DE NOVIEMBRE <span style=\"color: var(--ast-global-color-2);font-size: 1.73333rem;font-style: normal;font-weight: inherit;text-align: left;, sans-serif;float: none\">Auditorio Ignacio Ellacur\u00eda, edificio S, s\u00f3tano.<\/span><span style=\"color: var(--ast-global-color-2);font-size: 1.73333rem;font-style: inherit;font-weight: inherit;text-align: left;, sans-serif;float: none\"><\/span><br><\/h3>\t\t\t\t<\/div>\n\t\t\t\t<\/div>\n\t\t\t\t<div class=\"elementor-element elementor-element-609b8a9 elementor-widget elementor-widget-text-editor\" data-id=\"609b8a9\" data-element_type=\"widget\" data-e-type=\"widget\" data-widget_type=\"text-editor.default\">\n\t\t\t\t<div class=\"elementor-widget-container\">\n\t\t\t\t\t\t\t\t\t<p><img loading=\"lazy\" decoding=\"async\" class=\"alignnone wp-image-1065 \" src=\"https:\/\/investigacion.diseno.ibero.mx\/wp-content\/uploads\/2024\/10\/Captura-de-pantalla-2024-10-31-a-las-2.21.29\u202fp.m-1024x950.png\" alt=\"\" width=\"858\" height=\"797\" srcset=\"https:\/\/investigacion.diseno.ibero.mx\/wp-content\/uploads\/2024\/10\/Captura-de-pantalla-2024-10-31-a-las-2.21.29\u202fp.m-1024x950.png 1024w, https:\/\/investigacion.diseno.ibero.mx\/wp-content\/uploads\/2024\/10\/Captura-de-pantalla-2024-10-31-a-las-2.21.29\u202fp.m-300x278.png 300w, https:\/\/investigacion.diseno.ibero.mx\/wp-content\/uploads\/2024\/10\/Captura-de-pantalla-2024-10-31-a-las-2.21.29\u202fp.m-768x713.png 768w, https:\/\/investigacion.diseno.ibero.mx\/wp-content\/uploads\/2024\/10\/Captura-de-pantalla-2024-10-31-a-las-2.21.29\u202fp.m.png 1080w\" sizes=\"(max-width: 858px) 100vw, 858px\" \/><\/p>\t\t\t\t\t\t\t\t<\/div>\n\t\t\t\t<\/div>\n\t\t\t\t<div class=\"elementor-element elementor-element-66f3a62 elementor-button-danger elementor-align-center elementor-widget elementor-widget-button\" data-id=\"66f3a62\" data-element_type=\"widget\" data-e-type=\"widget\" data-widget_type=\"button.default\">\n\t\t\t\t<div class=\"elementor-widget-container\">\n\t\t\t\t\t\t\t\t\t<div class=\"elementor-button-wrapper\">\n\t\t\t\t\t<a class=\"elementor-button elementor-button-link elementor-size-sm\" href=\"https:\/\/docs.google.com\/forms\/d\/e\/1FAIpQLScqB3I8NG5bzEwhkNcnPgfqf8umZAhVAxFMVouIcGTOebRAXg\/viewform\">\n\t\t\t\t\t\t<span class=\"elementor-button-content-wrapper\">\n\t\t\t\t\t\t<span class=\"elementor-button-icon\">\n\t\t\t\t<svg aria-hidden=\"true\" class=\"e-font-icon-svg e-far-paper-plane\" viewBox=\"0 0 512 512\" xmlns=\"http:\/\/www.w3.org\/2000\/svg\"><path d=\"M440 6.5L24 246.4c-34.4 19.9-31.1 70.8 5.7 85.9L144 379.6V464c0 46.4 59.2 65.5 86.6 28.6l43.8-59.1 111.9 46.2c5.9 2.4 12.1 3.6 18.3 3.6 8.2 0 16.3-2.1 23.6-6.2 12.8-7.2 21.6-20 23.9-34.5l59.4-387.2c6.1-40.1-36.9-68.8-71.5-48.9zM192 464v-64.6l36.6 15.1L192 464zm212.6-28.7l-153.8-63.5L391 169.5c10.7-15.5-9.5-33.5-23.7-21.2L155.8 332.6 48 288 464 48l-59.4 387.3z\"><\/path><\/svg>\t\t\t<\/span>\n\t\t\t\t\t\t\t\t\t<span class=\"elementor-button-text\">REGISTRO<\/span>\n\t\t\t\t\t<\/span>\n\t\t\t\t\t<\/a>\n\t\t\t\t<\/div>\n\t\t\t\t\t\t\t\t<\/div>\n\t\t\t\t<\/div>\n\t\t\t\t\t<\/div>\n\t\t<\/div>\n\t\t\t\t\t<\/div>\n\t\t<\/section>\n\t\t<div class=\"elementor-element elementor-element-4dac07f e-flex e-con-boxed e-con e-parent\" data-id=\"4dac07f\" data-element_type=\"container\" data-e-type=\"container\">\n\t\t\t\t\t<div class=\"e-con-inner\">\n\t\t\t\t\t<\/div>\n\t\t\t\t<\/div>\n\t\t\t\t<\/div>\n\t\t","protected":false},"excerpt":{"rendered":"<p>HORIZONTES C\u00d3SMICOS Encuentros latinoamericanos con el espacio exterior CONGRESO INTERNACIONAL 27, 28 y 29 de noviembre 2024 Universidad Iberoamericana Ciudad de M\u00e9xico: Auditorio Ignacio Ellacur\u00eda, edificio S, s\u00f3tano. Primer encuentro para enriquecer y desafiar las narrativas tradicionales del espacio exterior, reimaginando las conexiones entre la Tierra y el cosmos desde perspectivas latinoamericanas y un enfoque [&hellip;]<\/p>\n","protected":false},"author":2,"featured_media":0,"parent":0,"menu_order":0,"comment_status":"closed","ping_status":"closed","template":"elementor_canvas","meta":{"_uag_custom_page_level_css":"","site-sidebar-layout":"no-sidebar","site-content-layout":"page-builder","ast-site-content-layout":"full-width-container","site-content-style":"default","site-sidebar-style":"default","ast-global-header-display":"","ast-banner-title-visibility":"","ast-main-header-display":"","ast-hfb-above-header-display":"","ast-hfb-below-header-display":"","ast-hfb-mobile-header-display":"","site-post-title":"disabled","ast-breadcrumbs-content":"","ast-featured-img":"disabled","footer-sml-layout":"","ast-disable-related-posts":"","theme-transparent-header-meta":"","adv-header-id-meta":"","stick-header-meta":"","header-above-stick-meta":"","header-main-stick-meta":"","header-below-stick-meta":"","astra-migrate-meta-layouts":"default","ast-page-background-enabled":"default","ast-page-background-meta":{"desktop":{"background-color":"","background-image":"","background-repeat":"repeat","background-position":"center center","background-size":"auto","background-attachment":"scroll","background-type":"","background-media":"","overlay-type":"","overlay-color":"","overlay-opacity":"","overlay-gradient":""},"tablet":{"background-color":"","background-image":"","background-repeat":"repeat","background-position":"center center","background-size":"auto","background-attachment":"scroll","background-type":"","background-media":"","overlay-type":"","overlay-color":"","overlay-opacity":"","overlay-gradient":""},"mobile":{"background-color":"","background-image":"","background-repeat":"repeat","background-position":"center center","background-size":"auto","background-attachment":"scroll","background-type":"","background-media":"","overlay-type":"","overlay-color":"","overlay-opacity":"","overlay-gradient":""}},"ast-content-background-meta":{"desktop":{"background-color":"var(--ast-global-color-5)","background-image":"","background-repeat":"repeat","background-position":"center center","background-size":"auto","background-attachment":"scroll","background-type":"","background-media":"","overlay-type":"","overlay-color":"","overlay-opacity":"","overlay-gradient":""},"tablet":{"background-color":"var(--ast-global-color-5)","background-image":"","background-repeat":"repeat","background-position":"center center","background-size":"auto","background-attachment":"scroll","background-type":"","background-media":"","overlay-type":"","overlay-color":"","overlay-opacity":"","overlay-gradient":""},"mobile":{"background-color":"var(--ast-global-color-5)","background-image":"","background-repeat":"repeat","background-position":"center center","background-size":"auto","background-attachment":"scroll","background-type":"","background-media":"","overlay-type":"","overlay-color":"","overlay-opacity":"","overlay-gradient":""}},"footnotes":""},"class_list":["post-942","page","type-page","status-publish","hentry"],"uagb_featured_image_src":{"full":false,"thumbnail":false,"medium":false,"medium_large":false,"large":false,"1536x1536":false,"2048x2048":false},"uagb_author_info":{"display_name":"Edward Berm\u00fadez Mac\u00edas","author_link":"https:\/\/investigacion.diseno.ibero.mx\/?author=2"},"uagb_comment_info":0,"uagb_excerpt":"HORIZONTES C\u00d3SMICOS Encuentros latinoamericanos con el espacio exterior CONGRESO INTERNACIONAL 27, 28 y 29 de noviembre 2024 Universidad Iberoamericana Ciudad de M\u00e9xico: Auditorio Ignacio Ellacur\u00eda, edificio S, s\u00f3tano. Primer encuentro para enriquecer y desafiar las narrativas tradicionales del espacio exterior, reimaginando las conexiones entre la Tierra y el cosmos desde perspectivas latinoamericanas y un enfoque&hellip;","_links":{"self":[{"href":"https:\/\/investigacion.diseno.ibero.mx\/index.php?rest_route=\/wp\/v2\/pages\/942","targetHints":{"allow":["GET"]}}],"collection":[{"href":"https:\/\/investigacion.diseno.ibero.mx\/index.php?rest_route=\/wp\/v2\/pages"}],"about":[{"href":"https:\/\/investigacion.diseno.ibero.mx\/index.php?rest_route=\/wp\/v2\/types\/page"}],"author":[{"embeddable":true,"href":"https:\/\/investigacion.diseno.ibero.mx\/index.php?rest_route=\/wp\/v2\/users\/2"}],"replies":[{"embeddable":true,"href":"https:\/\/investigacion.diseno.ibero.mx\/index.php?rest_route=%2Fwp%2Fv2%2Fcomments&post=942"}],"version-history":[{"count":92,"href":"https:\/\/investigacion.diseno.ibero.mx\/index.php?rest_route=\/wp\/v2\/pages\/942\/revisions"}],"predecessor-version":[{"id":1068,"href":"https:\/\/investigacion.diseno.ibero.mx\/index.php?rest_route=\/wp\/v2\/pages\/942\/revisions\/1068"}],"wp:attachment":[{"href":"https:\/\/investigacion.diseno.ibero.mx\/index.php?rest_route=%2Fwp%2Fv2%2Fmedia&parent=942"}],"curies":[{"name":"wp","href":"https:\/\/api.w.org\/{rel}","templated":true}]}}